{"id":7094,"date":"2020-07-20T11:37:54","date_gmt":"2020-07-20T09:37:54","guid":{"rendered":"https:\/\/proeducarhezigarri.educacion.navarra.es\/sare-guztiak\/"},"modified":"2022-01-28T11:34:57","modified_gmt":"2022-01-28T10:34:57","slug":"sare-guztiak","status":"publish","type":"page","link":"https:\/\/proeducarhezigarri.educacion.navarra.es\/eu\/sare-guztiak\/","title":{"rendered":"Sare guztiak"},"content":{"rendered":"\t\t<div data-elementor-type=\"wp-page\" data-elementor-id=\"7094\" class=\"elementor elementor-7094 elementor-7056\" data-elementor-post-type=\"page\">\n\t\t\t\t\t\t\t\t\t<section class=\"elementor-section elementor-top-section elementor-element elementor-element-3a214f0 elementor-section-boxed elementor-section-height-default elementor-section-height-default\" data-id=\"3a214f0\" data-element_type=\"section\" data-settings=\"{&quot;background_background&quot;:&quot;classic&quot;}\">\n\t\t\t\t\t\t\t<div class=\"elementor-background-overlay\"><\/div>\n\t\t\t\t\t\t\t<div class=\"elementor-container elementor-column-gap-default\">\n\t\t\t\t\t<div class=\"elementor-column elementor-col-100 elementor-top-column elementor-element elementor-element-c4e7619\" data-id=\"c4e7619\" data-element_type=\"column\" data-settings=\"{&quot;background_background&quot;:&quot;classic&quot;}\">\n\t\t\t<div class=\"elementor-widget-wrap elementor-element-populated\">\n\t\t\t\t\t\t\t\t<div class=\"elementor-element elementor-element-972064d elementor-widget elementor-widget-heading\" data-id=\"972064d\" data-element_type=\"widget\" data-widget_type=\"heading.default\">\n\t\t\t\t<div class=\"elementor-widget-container\">\n\t\t\t<h2 class=\"elementor-heading-title elementor-size-default\">Proeducar-Hezigarri <br> Ikastetxe sareak<\/h2>\t\t<\/div>\n\t\t\t\t<\/div>\n\t\t\t\t<div class=\"elementor-element elementor-element-160e810 elementor-widget elementor-widget-text-editor\" data-id=\"160e810\" data-element_type=\"widget\" data-widget_type=\"text-editor.default\">\n\t\t\t\t<div class=\"elementor-widget-container\">\n\t\t\t\t\t\t\t<p>Gaur egun, <strong>7 ikastetxe sare<\/strong> daude eratuta eta funtzionatzen ari dira:<\/p>\n\t\t\t\t\t\t<\/div>\n\t\t\t\t<\/div>\n\t\t\t\t<div class=\"elementor-element elementor-element-52a257b elementor-widget elementor-widget-image\" data-id=\"52a257b\" data-element_type=\"widget\" data-widget_type=\"image.default\">\n\t\t\t\t<div class=\"elementor-widget-container\">\n\t\t\t\t\t\t\t\t\t\t\t\t\t\t\t<img fetchpriority=\"high\" decoding=\"async\" width=\"700\" height=\"750\" src=\"https:\/\/proeducarhezigarri.educacion.navarra.es\/wp-content\/uploads\/2021\/11\/Mapa_Redes_nuevas.jpg\" class=\"attachment-large size-large wp-image-9389\" alt=\"\" srcset=\"https:\/\/proeducarhezigarri.educacion.navarra.es\/wp-content\/uploads\/2021\/11\/Mapa_Redes_nuevas.jpg 700w, https:\/\/proeducarhezigarri.educacion.navarra.es\/wp-content\/uploads\/2021\/11\/Mapa_Redes_nuevas-280x300.jpg 280w\" sizes=\"(max-width: 700px) 100vw, 700px\" \/>\t\t\t\t\t\t\t\t\t\t\t\t\t\t\t<\/div>\n\t\t\t\t<\/div>\n\t\t\t\t<section class=\"elementor-section elementor-inner-section elementor-element elementor-element-0433699 elementor-section-boxed elementor-section-height-default elementor-section-height-default\" data-id=\"0433699\" data-element_type=\"section\">\n\t\t\t\t\t\t<div class=\"elementor-container elementor-column-gap-default\">\n\t\t\t\t\t<div class=\"elementor-column elementor-col-25 elementor-inner-column elementor-element elementor-element-71c98dd\" data-id=\"71c98dd\" data-element_type=\"column\">\n\t\t\t<div class=\"elementor-widget-wrap elementor-element-populated\">\n\t\t\t\t\t\t\t\t<div class=\"elementor-element elementor-element-c2fe1b9 elementor-widget elementor-widget-button\" data-id=\"c2fe1b9\" data-element_type=\"widget\" data-widget_type=\"button.default\">\n\t\t\t\t<div class=\"elementor-widget-container\">\n\t\t\t\t\t<div class=\"elementor-button-wrapper\">\n\t\t\t<a class=\"elementor-button elementor-button-link elementor-size-sm\" href=\"https:\/\/proeducarhezigarri.educacion.navarra.es\/eu\/1-sarea-2\/\">\n\t\t\t\t\t\t<span class=\"elementor-button-content-wrapper\">\n\t\t\t\t\t\t<span class=\"elementor-button-text\">1 SAREA<\/span>\n\t\t<\/span>\n\t\t\t\t\t<\/a>\n\t\t<\/div>\n\t\t\t\t<\/div>\n\t\t\t\t<\/div>\n\t\t\t\t<div class=\"elementor-element elementor-element-4461d89 elementor-widget elementor-widget-text-editor\" data-id=\"4461d89\" data-element_type=\"widget\" data-widget_type=\"text-editor.default\">\n\t\t\t\t<div class=\"elementor-widget-container\">\n\t\t\t\t\t\t\t<div class=\"elementor-element elementor-element-68be100 elementor-widget elementor-widget-text-editor\" data-id=\"68be100\" data-element_type=\"widget\" data-widget_type=\"text-editor.default\">\n<div class=\"elementor-widget-container\">\n<div class=\"elementor-text-editor elementor-clearfix\">\n<ul>\n<li>Andosilla<\/li>\n<li>Arr\u00f3niz<\/li>\n<li>Bu\u00f1uel<\/li>\n<li>Cintru\u00e9nigo<\/li>\n<li>Fusti\u00f1ana<\/li>\n<li>Lodosa<\/li>\n<li>Los Arcos<\/li>\n<li>Marcilla<\/li>\n<li>Mendavia<\/li>\n<li>Milagro<\/li>\n<li>Gares<\/li>\n<li>San Adri\u00e1n<\/li>\n<li>Tutera<\/li>\n<li>Viana\u00a0<\/li>\n<\/ul>\n<\/div>\n<\/div>\n<\/div>\n\t\t\t\t\t\t<\/div>\n\t\t\t\t<\/div>\n\t\t\t\t\t<\/div>\n\t\t<\/div>\n\t\t\t\t<div class=\"elementor-column elementor-col-25 elementor-inner-column elementor-element elementor-element-565cc03\" data-id=\"565cc03\" data-element_type=\"column\">\n\t\t\t<div class=\"elementor-widget-wrap elementor-element-populated\">\n\t\t\t\t\t\t\t\t<div class=\"elementor-element elementor-element-44a5470 elementor-widget elementor-widget-button\" data-id=\"44a5470\" data-element_type=\"widget\" data-widget_type=\"button.default\">\n\t\t\t\t<div class=\"elementor-widget-container\">\n\t\t\t\t\t<div class=\"elementor-button-wrapper\">\n\t\t\t<a class=\"elementor-button elementor-button-link elementor-size-sm\" href=\"https:\/\/proeducarhezigarri.educacion.navarra.es\/eu\/2-sarea-2\/\">\n\t\t\t\t\t\t<span class=\"elementor-button-content-wrapper\">\n\t\t\t\t\t\t<span class=\"elementor-button-text\">2 SAREA<\/span>\n\t\t<\/span>\n\t\t\t\t\t<\/a>\n\t\t<\/div>\n\t\t\t\t<\/div>\n\t\t\t\t<\/div>\n\t\t\t\t<div class=\"elementor-element elementor-element-329f0e1 elementor-widget elementor-widget-text-editor\" data-id=\"329f0e1\" data-element_type=\"widget\" data-widget_type=\"text-editor.default\">\n\t\t\t\t<div class=\"elementor-widget-container\">\n\t\t\t\t\t\t\t<div class=\"elementor-element elementor-element-68be100 elementor-widget elementor-widget-text-editor\" data-id=\"68be100\" data-element_type=\"widget\" data-widget_type=\"text-editor.default\">\n<div class=\"elementor-widget-container\">\n<div class=\"elementor-text-editor elementor-clearfix\">\n<ul>\n<li>Antzin<\/li>\n<li>Artaxoa<\/li>\n<li>Cascante<\/li>\n<li>Lizarra<\/li>\n<li>Falces<\/li>\n<li>Funes<\/li>\n<li>Larraga<\/li>\n<li>Ler\u00edn<\/li>\n<li>Murillo el Fruto<\/li>\n<li>Erriberri<\/li>\n<li>Zudaire\u00a0<\/li>\n<\/ul>\n<\/div>\n<\/div>\n<\/div>\n\t\t\t\t\t\t<\/div>\n\t\t\t\t<\/div>\n\t\t\t\t<div class=\"elementor-element elementor-element-9d2a159 elementor-widget elementor-widget-text-editor\" data-id=\"9d2a159\" data-element_type=\"widget\" data-widget_type=\"text-editor.default\">\n\t\t\t\t<div class=\"elementor-widget-container\">\n\t\t\t\t\t\t\t<div class=\"elementor-element elementor-element-68be100 elementor-widget elementor-widget-text-editor\" data-id=\"68be100\" data-element_type=\"widget\" data-widget_type=\"text-editor.default\">\n<div class=\"elementor-widget-container\">\n<div class=\"elementor-text-editor elementor-clearfix\">\n<p>Iru\u00f1a:<\/p>\n<\/div>\n<\/div>\n<\/div>\n\t\t\t\t\t\t<\/div>\n\t\t\t\t<\/div>\n\t\t\t\t<div class=\"elementor-element elementor-element-f11eb8f elementor-widget elementor-widget-text-editor\" data-id=\"f11eb8f\" data-element_type=\"widget\" data-widget_type=\"text-editor.default\">\n\t\t\t\t<div class=\"elementor-widget-container\">\n\t\t\t\t\t\t\t<div class=\"elementor-element elementor-element-68be100 elementor-widget elementor-widget-text-editor\" data-id=\"68be100\" data-element_type=\"widget\" data-widget_type=\"text-editor.default\">\n<div class=\"elementor-widget-container\">\n<div class=\"elementor-text-editor elementor-clearfix\">\n<ul>\n<li>Mendigoiti<\/li>\n<\/ul>\n<\/div>\n<\/div>\n<\/div>\n\t\t\t\t\t\t<\/div>\n\t\t\t\t<\/div>\n\t\t\t\t\t<\/div>\n\t\t<\/div>\n\t\t\t\t<div class=\"elementor-column elementor-col-25 elementor-inner-column elementor-element elementor-element-49e35bb\" data-id=\"49e35bb\" data-element_type=\"column\">\n\t\t\t<div class=\"elementor-widget-wrap elementor-element-populated\">\n\t\t\t\t\t\t\t\t<div class=\"elementor-element elementor-element-e95fbd8 elementor-widget elementor-widget-button\" data-id=\"e95fbd8\" data-element_type=\"widget\" data-widget_type=\"button.default\">\n\t\t\t\t<div class=\"elementor-widget-container\">\n\t\t\t\t\t<div class=\"elementor-button-wrapper\">\n\t\t\t<a class=\"elementor-button elementor-button-link elementor-size-sm\" href=\"https:\/\/proeducarhezigarri.educacion.navarra.es\/eu\/3-sarea\/\">\n\t\t\t\t\t\t<span class=\"elementor-button-content-wrapper\">\n\t\t\t\t\t\t<span class=\"elementor-button-text\">3 SAREA<\/span>\n\t\t<\/span>\n\t\t\t\t\t<\/a>\n\t\t<\/div>\n\t\t\t\t<\/div>\n\t\t\t\t<\/div>\n\t\t\t\t<div class=\"elementor-element elementor-element-db0bfb6 elementor-widget elementor-widget-text-editor\" data-id=\"db0bfb6\" data-element_type=\"widget\" data-widget_type=\"text-editor.default\">\n\t\t\t\t<div class=\"elementor-widget-container\">\n\t\t\t\t\t\t\t<div class=\"elementor-element elementor-element-68be100 elementor-widget elementor-widget-text-editor\" data-id=\"68be100\" data-element_type=\"widget\" data-widget_type=\"text-editor.default\">\n<div class=\"elementor-widget-container\">\n<div class=\"elementor-text-editor elementor-clearfix\">\n<ul>\n<li>Berriozar<\/li>\n<li>Elizondo<\/li>\n<li>Mutilva<\/li>\n<li>Larraintzar<\/li>\n<li>Noain<\/li>\n<li>Orkoien<\/li>\n<li>Erronkari\u00a0<\/li>\n<li>Villava<\/li>\n<\/ul>\n<\/div>\n<\/div>\n<\/div>\n\t\t\t\t\t\t<\/div>\n\t\t\t\t<\/div>\n\t\t\t\t<div class=\"elementor-element elementor-element-9451809 elementor-widget elementor-widget-text-editor\" data-id=\"9451809\" data-element_type=\"widget\" data-widget_type=\"text-editor.default\">\n\t\t\t\t<div class=\"elementor-widget-container\">\n\t\t\t\t\t\t\t<div class=\"elementor-element elementor-element-68be100 elementor-widget elementor-widget-text-editor\" data-id=\"68be100\" data-element_type=\"widget\" data-widget_type=\"text-editor.default\">\n<div class=\"elementor-widget-container\">\n<div class=\"elementor-text-editor elementor-clearfix\">\n<p>Iru\u00f1a:<\/p>\n<\/div>\n<\/div>\n<\/div>\n\t\t\t\t\t\t<\/div>\n\t\t\t\t<\/div>\n\t\t\t\t<div class=\"elementor-element elementor-element-763fe2e elementor-widget elementor-widget-text-editor\" data-id=\"763fe2e\" data-element_type=\"widget\" data-widget_type=\"text-editor.default\">\n\t\t\t\t<div class=\"elementor-widget-container\">\n\t\t\t\t\t\t\t<div class=\"elementor-element elementor-element-68be100 elementor-widget elementor-widget-text-editor\" data-id=\"68be100\" data-element_type=\"widget\" data-widget_type=\"text-editor.default\">\n<div class=\"elementor-widget-container\">\n<div class=\"elementor-text-editor elementor-clearfix\">\n<ul>\n<li>Bernat Etxepare<\/li>\n<li>Elorri<\/li>\n<li>Erreniega<\/li>\n<li>Rotxapea<\/li>\n<li>Sanduzelai<\/li>\n<li>San Francisco<\/li>\n<li>Patxi Larrainzar<\/li>\n<\/ul>\n<\/div>\n<\/div>\n<\/div>\n\t\t\t\t\t\t<\/div>\n\t\t\t\t<\/div>\n\t\t\t\t\t<\/div>\n\t\t<\/div>\n\t\t\t\t<div class=\"elementor-column elementor-col-25 elementor-inner-column elementor-element elementor-element-0827e6b\" data-id=\"0827e6b\" data-element_type=\"column\">\n\t\t\t<div class=\"elementor-widget-wrap elementor-element-populated\">\n\t\t\t\t\t\t\t\t<div class=\"elementor-element elementor-element-7c042fb elementor-widget elementor-widget-button\" data-id=\"7c042fb\" data-element_type=\"widget\" data-widget_type=\"button.default\">\n\t\t\t\t<div class=\"elementor-widget-container\">\n\t\t\t\t\t<div class=\"elementor-button-wrapper\">\n\t\t\t<a class=\"elementor-button elementor-button-link elementor-size-sm\" href=\"https:\/\/proeducarhezigarri.educacion.navarra.es\/eu\/4-sarea-2\/\">\n\t\t\t\t\t\t<span class=\"elementor-button-content-wrapper\">\n\t\t\t\t\t\t<span class=\"elementor-button-text\">4 SAREA<\/span>\n\t\t<\/span>\n\t\t\t\t\t<\/a>\n\t\t<\/div>\n\t\t\t\t<\/div>\n\t\t\t\t<\/div>\n\t\t\t\t<div class=\"elementor-element elementor-element-228714a elementor-widget elementor-widget-text-editor\" data-id=\"228714a\" data-element_type=\"widget\" data-widget_type=\"text-editor.default\">\n\t\t\t\t<div class=\"elementor-widget-container\">\n\t\t\t\t\t\t\t<div class=\"elementor-element elementor-element-68be100 elementor-widget elementor-widget-text-editor\" data-id=\"68be100\" data-element_type=\"widget\" data-widget_type=\"text-editor.default\">\n<div class=\"elementor-widget-container\">\n<div class=\"elementor-text-editor elementor-clearfix\">\n<ul>\n<li>Abartzuza<\/li>\n<li>Arbizu<\/li>\n<li>Areso<\/li>\n<li>Beriain<\/li>\n<li>Lakuntza<\/li>\n<li>Leitza<\/li>\n<li>Monreal<\/li>\n<li>San Pedro Mutilva<\/li>\n<li>Uharte-Arakil<\/li>\n<li>Urroz-Villa<\/li>\n<li>Zizur Nagusi\u00a0<\/li>\n<\/ul>\n<\/div>\n<\/div>\n<\/div>\n\t\t\t\t\t\t<\/div>\n\t\t\t\t<\/div>\n\t\t\t\t<div class=\"elementor-element elementor-element-f77a075 elementor-widget elementor-widget-text-editor\" data-id=\"f77a075\" data-element_type=\"widget\" data-widget_type=\"text-editor.default\">\n\t\t\t\t<div class=\"elementor-widget-container\">\n\t\t\t\t\t\t\t<div class=\"elementor-element elementor-element-68be100 elementor-widget elementor-widget-text-editor\" data-id=\"68be100\" data-element_type=\"widget\" data-widget_type=\"text-editor.default\">\n<div class=\"elementor-widget-container\">\n<div class=\"elementor-text-editor elementor-clearfix\">\n<p>Iru\u00f1a:<\/p>\n<\/div>\n<\/div>\n<\/div>\n\t\t\t\t\t\t<\/div>\n\t\t\t\t<\/div>\n\t\t\t\t<div class=\"elementor-element elementor-element-d559820 elementor-widget elementor-widget-text-editor\" data-id=\"d559820\" data-element_type=\"widget\" data-widget_type=\"text-editor.default\">\n\t\t\t\t<div class=\"elementor-widget-container\">\n\t\t\t\t\t\t\t<div class=\"elementor-element elementor-element-68be100 elementor-widget elementor-widget-text-editor\" data-id=\"68be100\" data-element_type=\"widget\" data-widget_type=\"text-editor.default\">\n<div class=\"elementor-widget-container\">\n<div class=\"elementor-text-editor elementor-clearfix\">\n<ul>\n<li>Amaiur<\/li>\n<li>Azpilaga\u00f1a<\/li>\n<li>Jose M\u00aa de Huarte<\/li>\n<\/ul>\n<\/div>\n<\/div>\n<\/div>\n\t\t\t\t\t\t<\/div>\n\t\t\t\t<\/div>\n\t\t\t\t\t<\/div>\n\t\t<\/div>\n\t\t\t\t\t\t\t<\/div>\n\t\t<\/section>\n\t\t\t\t<section class=\"elementor-section elementor-inner-section elementor-element elementor-element-e6f48ec elementor-section-boxed elementor-section-height-default elementor-section-height-default\" data-id=\"e6f48ec\" data-element_type=\"section\">\n\t\t\t\t\t\t<div class=\"elementor-container elementor-column-gap-default\">\n\t\t\t\t\t<div class=\"elementor-column elementor-col-33 elementor-inner-column elementor-element elementor-element-a9c9803\" data-id=\"a9c9803\" data-element_type=\"column\">\n\t\t\t<div class=\"elementor-widget-wrap elementor-element-populated\">\n\t\t\t\t\t\t\t\t<div class=\"elementor-element elementor-element-5ad027f elementor-widget elementor-widget-button\" data-id=\"5ad027f\" data-element_type=\"widget\" data-widget_type=\"button.default\">\n\t\t\t\t<div class=\"elementor-widget-container\">\n\t\t\t\t\t<div class=\"elementor-button-wrapper\">\n\t\t\t<a class=\"elementor-button elementor-button-link elementor-size-sm\" href=\"https:\/\/proeducarhezigarri.educacion.navarra.es\/eu\/5-sarea\/\">\n\t\t\t\t\t\t<span class=\"elementor-button-content-wrapper\">\n\t\t\t\t\t\t<span class=\"elementor-button-text\">5 SAREA<\/span>\n\t\t<\/span>\n\t\t\t\t\t<\/a>\n\t\t<\/div>\n\t\t\t\t<\/div>\n\t\t\t\t<\/div>\n\t\t\t\t<div class=\"elementor-element elementor-element-b170188 elementor-widget elementor-widget-text-editor\" data-id=\"b170188\" data-element_type=\"widget\" data-widget_type=\"text-editor.default\">\n\t\t\t\t<div class=\"elementor-widget-container\">\n\t\t\t\t\t\t\t<div class=\"elementor-element elementor-element-68be100 elementor-widget elementor-widget-text-editor\" data-id=\"68be100\" data-element_type=\"widget\" data-widget_type=\"text-editor.default\">\n<div class=\"elementor-widget-container\">\n<div class=\"elementor-text-editor elementor-clearfix\">\n<ul>\n<li>Azagra<\/li>\n<li>Estella<\/li>\n<li>Larraintzar<\/li>\n<li>Los Arcos<\/li>\n<li>Lodosa<\/li>\n<li>Mendavia<\/li>\n<li>Peralta<\/li>\n<li>Erronkari<\/li>\n<li>Viana<\/li>\n<\/ul>\n<\/div>\n<\/div>\n<\/div>\n\t\t\t\t\t\t<\/div>\n\t\t\t\t<\/div>\n\t\t\t\t<div class=\"elementor-element elementor-element-856934d elementor-widget elementor-widget-text-editor\" data-id=\"856934d\" data-element_type=\"widget\" data-widget_type=\"text-editor.default\">\n\t\t\t\t<div class=\"elementor-widget-container\">\n\t\t\t\t\t\t\t<div class=\"elementor-element elementor-element-68be100 elementor-widget elementor-widget-text-editor\" data-id=\"68be100\" data-element_type=\"widget\" data-widget_type=\"text-editor.default\">\n<div class=\"elementor-widget-container\">\n<div class=\"elementor-text-editor elementor-clearfix\">\n<p>Iru\u00f1a:<\/p>\n<\/div>\n<\/div>\n<\/div>\n\t\t\t\t\t\t<\/div>\n\t\t\t\t<\/div>\n\t\t\t\t<div class=\"elementor-element elementor-element-935a354 elementor-widget elementor-widget-text-editor\" data-id=\"935a354\" data-element_type=\"widget\" data-widget_type=\"text-editor.default\">\n\t\t\t\t<div class=\"elementor-widget-container\">\n\t\t\t\t\t\t\t<div class=\"elementor-element elementor-element-68be100 elementor-widget elementor-widget-text-editor\" data-id=\"68be100\" data-element_type=\"widget\" data-widget_type=\"text-editor.default\">\n<div class=\"elementor-widget-container\">\n<div class=\"elementor-text-editor elementor-clearfix\">\n<ul>\n<li>Basoko<\/li>\n<li>Ochoa de Olza<\/li>\n<\/ul>\n<\/div>\n<\/div>\n<\/div>\n\t\t\t\t\t\t<\/div>\n\t\t\t\t<\/div>\n\t\t\t\t\t<\/div>\n\t\t<\/div>\n\t\t\t\t<div class=\"elementor-column elementor-col-33 elementor-inner-column elementor-element elementor-element-b2e2910\" data-id=\"b2e2910\" data-element_type=\"column\">\n\t\t\t<div class=\"elementor-widget-wrap elementor-element-populated\">\n\t\t\t\t\t\t\t\t<div class=\"elementor-element elementor-element-c4b3b32 elementor-widget elementor-widget-button\" data-id=\"c4b3b32\" data-element_type=\"widget\" data-widget_type=\"button.default\">\n\t\t\t\t<div class=\"elementor-widget-container\">\n\t\t\t\t\t<div class=\"elementor-button-wrapper\">\n\t\t\t<a class=\"elementor-button elementor-button-link elementor-size-sm\" href=\"https:\/\/proeducarhezigarri.educacion.navarra.es\/eu\/bigarren-hezkuntzako-sarea\/\">\n\t\t\t\t\t\t<span class=\"elementor-button-content-wrapper\">\n\t\t\t\t\t\t<span class=\"elementor-button-text\">6 SAREA<\/span>\n\t\t<\/span>\n\t\t\t\t\t<\/a>\n\t\t<\/div>\n\t\t\t\t<\/div>\n\t\t\t\t<\/div>\n\t\t\t\t<div class=\"elementor-element elementor-element-e44a232 elementor-widget elementor-widget-text-editor\" data-id=\"e44a232\" data-element_type=\"widget\" data-widget_type=\"text-editor.default\">\n\t\t\t\t<div class=\"elementor-widget-container\">\n\t\t\t\t\t\t\t<div class=\"elementor-element elementor-element-68be100 elementor-widget elementor-widget-text-editor\" data-id=\"68be100\" data-element_type=\"widget\" data-widget_type=\"text-editor.default\">\n<div class=\"elementor-widget-container\">\n<div class=\"elementor-text-editor elementor-clearfix\">\n<ul>\n<li>Castej\u00f3n<\/li>\n<li>Corella<\/li>\n<li>Cortes<\/li>\n<li>Olite<\/li>\n<li>Sarriguren\u00a0<\/li>\n<\/ul>\n<\/div>\n<\/div>\n<\/div>\n\t\t\t\t\t\t<\/div>\n\t\t\t\t<\/div>\n\t\t\t\t<div class=\"elementor-element elementor-element-eedaf79 elementor-widget elementor-widget-text-editor\" data-id=\"eedaf79\" data-element_type=\"widget\" data-widget_type=\"text-editor.default\">\n\t\t\t\t<div class=\"elementor-widget-container\">\n\t\t\t\t\t\t\t<div class=\"elementor-element elementor-element-68be100 elementor-widget elementor-widget-text-editor\" data-id=\"68be100\" data-element_type=\"widget\" data-widget_type=\"text-editor.default\">\n<div class=\"elementor-widget-container\">\n<div class=\"elementor-text-editor elementor-clearfix\">\n<p>Iru\u00f1a:<\/p>\n<\/div>\n<\/div>\n<\/div>\n\t\t\t\t\t\t<\/div>\n\t\t\t\t<\/div>\n\t\t\t\t<div class=\"elementor-element elementor-element-05feb01 elementor-widget elementor-widget-text-editor\" data-id=\"05feb01\" data-element_type=\"widget\" data-widget_type=\"text-editor.default\">\n\t\t\t\t<div class=\"elementor-widget-container\">\n\t\t\t\t\t\t\t<div class=\"elementor-element elementor-element-68be100 elementor-widget elementor-widget-text-editor\" data-id=\"68be100\" data-element_type=\"widget\" data-widget_type=\"text-editor.default\">\n<div class=\"elementor-widget-container\">\n<div class=\"elementor-text-editor elementor-clearfix\">\n<ul>\n<li>Eunate<\/li>\n<li>Iparralde<\/li>\n<li>Iturrama<\/li>\n<li>Julio Caro Baroja<\/li>\n<li>Padre Moret Irubide<\/li>\n<\/ul>\n<\/div>\n<\/div>\n<\/div>\n\t\t\t\t\t\t<\/div>\n\t\t\t\t<\/div>\n\t\t\t\t\t<\/div>\n\t\t<\/div>\n\t\t\t\t<div class=\"elementor-column elementor-col-33 elementor-inner-column elementor-element elementor-element-1b705dc\" data-id=\"1b705dc\" data-element_type=\"column\">\n\t\t\t<div class=\"elementor-widget-wrap elementor-element-populated\">\n\t\t\t\t\t\t\t\t<div class=\"elementor-element elementor-element-f71bf01 elementor-widget elementor-widget-button\" data-id=\"f71bf01\" data-element_type=\"widget\" data-widget_type=\"button.default\">\n\t\t\t\t<div class=\"elementor-widget-container\">\n\t\t\t\t\t<div class=\"elementor-button-wrapper\">\n\t\t\t<a class=\"elementor-button elementor-button-link elementor-size-sm\" href=\"https:\/\/proeducarhezigarri.educacion.navarra.es\/eu\/ik-sarea\/\">\n\t\t\t\t\t\t<span class=\"elementor-button-content-wrapper\">\n\t\t\t\t\t\t<span class=\"elementor-button-text\">IK SAREA<\/span>\n\t\t<\/span>\n\t\t\t\t\t<\/a>\n\t\t<\/div>\n\t\t\t\t<\/div>\n\t\t\t\t<\/div>\n\t\t\t\t<div class=\"elementor-element elementor-element-ed34800 elementor-widget elementor-widget-text-editor\" data-id=\"ed34800\" data-element_type=\"widget\" data-widget_type=\"text-editor.default\">\n\t\t\t\t<div class=\"elementor-widget-container\">\n\t\t\t\t\t\t\t<div class=\"elementor-element elementor-element-68be100 elementor-widget elementor-widget-text-editor\" data-id=\"68be100\" data-element_type=\"widget\" data-widget_type=\"text-editor.default\">\n<div class=\"elementor-widget-container\">\n<div class=\"elementor-text-editor elementor-clearfix\">\n<ul>\n<li>Betelu<\/li>\n<li>Lekunberri<\/li>\n<li>Mendigorria<\/li>\n<li>Murchante<\/li>\n<li>Olazti<\/li>\n<li>Urdiain\u00a0<\/li>\n<\/ul>\n<\/div>\n<\/div>\n<\/div>\n\t\t\t\t\t\t<\/div>\n\t\t\t\t<\/div>\n\t\t\t\t<div class=\"elementor-element elementor-element-1dc7ae0 elementor-widget elementor-widget-text-editor\" data-id=\"1dc7ae0\" data-element_type=\"widget\" data-widget_type=\"text-editor.default\">\n\t\t\t\t<div class=\"elementor-widget-container\">\n\t\t\t\t\t\t\t<div class=\"elementor-element elementor-element-68be100 elementor-widget elementor-widget-text-editor\" data-id=\"68be100\" data-element_type=\"widget\" data-widget_type=\"text-editor.default\">\n<div class=\"elementor-widget-container\">\n<div class=\"elementor-text-editor elementor-clearfix\">\n<p>Iru\u00f1a:<\/p>\n<\/div>\n<\/div>\n<\/div>\n\t\t\t\t\t\t<\/div>\n\t\t\t\t<\/div>\n\t\t\t\t<div class=\"elementor-element elementor-element-286537b elementor-widget elementor-widget-text-editor\" data-id=\"286537b\" data-element_type=\"widget\" data-widget_type=\"text-editor.default\">\n\t\t\t\t<div class=\"elementor-widget-container\">\n\t\t\t\t\t\t\t<div class=\"elementor-element elementor-element-68be100 elementor-widget elementor-widget-text-editor\" data-id=\"68be100\" data-element_type=\"widget\" data-widget_type=\"text-editor.default\">\n<div class=\"elementor-widget-container\">\n<div class=\"elementor-text-editor elementor-clearfix\">\n<ul>\n<li>Do\u00f1a Mayor<\/li>\n<li>Garc\u00eda Galdeano<\/li>\n<li>Plaza de la Cruz<\/li>\n<\/ul>\n<\/div>\n<\/div>\n<\/div>\n\t\t\t\t\t\t<\/div>\n\t\t\t\t<\/div>\n\t\t\t\t\t<\/div>\n\t\t<\/div>\n\t\t\t\t\t\t\t<\/div>\n\t\t<\/section>\n\t\t\t\t\t<\/div>\n\t\t<\/div>\n\t\t\t\t\t\t\t<\/div>\n\t\t<\/section>\n\t\t\t\t\t\t\t<\/div>\n\t\t","protected":false},"excerpt":{"rendered":"<p>Proeducar-Hezigarri Ikastetxe sareak Gaur egun, 7 ikastetxe sare daude eratuta eta funtzionatzen ari dira: 1 SAREA Andosilla Arr\u00f3niz Bu\u00f1uel Cintru\u00e9nigo Fusti\u00f1ana Lodosa Los Arcos Marcilla Mendavia Milagro Gares San Adri\u00e1n Tutera Viana\u00a0 2 SAREA Antzin Artaxoa Cascante Lizarra Falces Funes Larraga Ler\u00edn Murillo el Fruto Erriberri Zudaire\u00a0 Iru\u00f1a: Mendigoiti 3 SAREA Berriozar Elizondo Mutilva Larraintzar [&hellip;]<\/p>\n","protected":false},"author":1,"featured_media":0,"parent":0,"menu_order":0,"comment_status":"closed","ping_status":"closed","template":"","meta":{"_genesis_hide_title":false,"_genesis_hide_breadcrumbs":false,"_genesis_hide_singular_image":false,"_genesis_hide_footer_widgets":false,"_genesis_custom_body_class":"","_genesis_custom_post_class":"","_genesis_layout":"","footnotes":""},"featured_image_src":null,"featured_image_src_square":null,"_links":{"self":[{"href":"https:\/\/proeducarhezigarri.educacion.navarra.es\/eu\/wp-json\/wp\/v2\/pages\/7094"}],"collection":[{"href":"https:\/\/proeducarhezigarri.educacion.navarra.es\/eu\/wp-json\/wp\/v2\/pages"}],"about":[{"href":"https:\/\/proeducarhezigarri.educacion.navarra.es\/eu\/wp-json\/wp\/v2\/types\/page"}],"author":[{"embeddable":true,"href":"https:\/\/proeducarhezigarri.educacion.navarra.es\/eu\/wp-json\/wp\/v2\/users\/1"}],"replies":[{"embeddable":true,"href":"https:\/\/proeducarhezigarri.educacion.navarra.es\/eu\/wp-json\/wp\/v2\/comments?post=7094"}],"version-history":[{"count":36,"href":"https:\/\/proeducarhezigarri.educacion.navarra.es\/eu\/wp-json\/wp\/v2\/pages\/7094\/revisions"}],"predecessor-version":[{"id":9610,"href":"https:\/\/proeducarhezigarri.educacion.navarra.es\/eu\/wp-json\/wp\/v2\/pages\/7094\/revisions\/9610"}],"wp:attachment":[{"href":"https:\/\/proeducarhezigarri.educacion.navarra.es\/eu\/wp-json\/wp\/v2\/media?parent=7094"}],"curies":[{"name":"wp","href":"https:\/\/api.w.org\/{rel}","templated":true}]}}