{"id":6711,"date":"2020-06-15T13:34:48","date_gmt":"2020-06-15T11:34:48","guid":{"rendered":"https:\/\/proeducarhezigarri.educacion.navarra.es\/basoko\/"},"modified":"2021-12-15T17:34:11","modified_gmt":"2021-12-15T16:34:11","slug":"basoko","status":"publish","type":"page","link":"https:\/\/proeducarhezigarri.educacion.navarra.es\/eu\/basoko\/","title":{"rendered":"Basoko"},"content":{"rendered":"\t\t<div data-elementor-type=\"wp-page\" data-elementor-id=\"6711\" class=\"elementor elementor-6711 elementor-2753\" data-elementor-post-type=\"page\">\n\t\t\t\t\t\t\t\t\t<section class=\"elementor-section elementor-top-section elementor-element elementor-element-3c048d40 elementor-section-stretched elementor-section-boxed elementor-section-height-default elementor-section-height-default\" data-id=\"3c048d40\" data-element_type=\"section\" data-settings=\"{&quot;background_background&quot;:&quot;classic&quot;,&quot;stretch_section&quot;:&quot;section-stretched&quot;}\">\n\t\t\t\t\t\t\t<div class=\"elementor-background-overlay\"><\/div>\n\t\t\t\t\t\t\t<div class=\"elementor-container elementor-column-gap-default\">\n\t\t\t\t\t<div class=\"elementor-column elementor-col-100 elementor-top-column elementor-element elementor-element-7cc83429\" data-id=\"7cc83429\" data-element_type=\"column\">\n\t\t\t<div class=\"elementor-widget-wrap elementor-element-populated\">\n\t\t\t\t\t\t\t\t<div class=\"elementor-element elementor-element-2ce888e3 elementor-widget elementor-widget-image\" data-id=\"2ce888e3\" data-element_type=\"widget\" data-widget_type=\"image.default\">\n\t\t\t\t<div class=\"elementor-widget-container\">\n\t\t\t\t\t\t\t\t\t\t\t\t\t\t\t<img decoding=\"async\" width=\"300\" height=\"100\" src=\"https:\/\/proeducarhezigarri.educacion.navarra.es\/wp-content\/uploads\/2021\/04\/Logo_Basoko_1.jpg\" class=\"attachment-large size-large wp-image-9111\" alt=\"\" \/>\t\t\t\t\t\t\t\t\t\t\t\t\t\t\t<\/div>\n\t\t\t\t<\/div>\n\t\t\t\t<div class=\"elementor-element elementor-element-71c20a87 elementor-widget elementor-widget-heading\" data-id=\"71c20a87\" data-element_type=\"widget\" data-widget_type=\"heading.default\">\n\t\t\t\t<div class=\"elementor-widget-container\">\n\t\t\t<h1 class=\"elementor-heading-title elementor-size-large\">Basoko BHI<\/h1>\t\t<\/div>\n\t\t\t\t<\/div>\n\t\t\t\t<div class=\"elementor-element elementor-element-46d5bbae elementor-widget elementor-widget-heading\" data-id=\"46d5bbae\" data-element_type=\"widget\" data-widget_type=\"heading.default\">\n\t\t\t\t<div class=\"elementor-widget-container\">\n\t\t\t<h2 class=\"elementor-heading-title elementor-size-large\">Iru\u00f1a<\/h2>\t\t<\/div>\n\t\t\t\t<\/div>\n\t\t\t\t<div class=\"elementor-element elementor-element-25d57b10 elementor-widget elementor-widget-text-editor\" data-id=\"25d57b10\" data-element_type=\"widget\" data-widget_type=\"text-editor.default\">\n\t\t\t\t<div class=\"elementor-widget-container\">\n\t\t\t\t\t\t\t<p>Basoko BHI bigarren hezkuntzako ikastetxea Iru\u00f1eko Iturrama auzoan dago. Azpilagainako, Jos\u00e9 Mar\u00eda Huarteko eta Iturramako lehen hezkuntzako ikastetxeetako ikasle gehienak hartzen ditu, bai eta beste auzo, udalerri eta ikastetxe batzuetako beste ikasle batzuk ere, propioz Basoko BHI aukeratu dutenak ikasketak jarraitzeko.<\/p>\n\t\t\t\t\t\t<\/div>\n\t\t\t\t<\/div>\n\t\t\t\t<div class=\"elementor-element elementor-element-6ff82e77 elementor-widget elementor-widget-video\" data-id=\"6ff82e77\" data-element_type=\"widget\" data-settings=\"{&quot;show_image_overlay&quot;:&quot;yes&quot;,&quot;image_overlay&quot;:{&quot;url&quot;:&quot;https:\\\/\\\/proeducarhezigarri.educacion.navarra.es\\\/wp-content\\\/uploads\\\/2021\\\/04\\\/Basoko_2.png&quot;,&quot;id&quot;:9102,&quot;size&quot;:&quot;&quot;},&quot;youtube_url&quot;:&quot;https:\\\/\\\/youtu.be\\\/nxi1SX8VArc&quot;,&quot;video_type&quot;:&quot;youtube&quot;,&quot;controls&quot;:&quot;yes&quot;}\" data-widget_type=\"video.default\">\n\t\t\t\t<div class=\"elementor-widget-container\">\n\t\t\t\t\t<div class=\"elementor-wrapper elementor-open-inline\">\n\t\t\t<div class=\"elementor-video\"><\/div>\t\t\t\t<div class=\"elementor-custom-embed-image-overlay\" style=\"background-image: url(https:\/\/proeducarhezigarri.educacion.navarra.es\/wp-content\/uploads\/2021\/04\/Basoko_2.png);\">\n\t\t\t\t\t\t\t\t\t\t\t\t\t\t\t\t<div class=\"elementor-custom-embed-play\" role=\"button\" aria-label=\"Play Video\" tabindex=\"0\">\n\t\t\t\t\t\t\t<i aria-hidden=\"true\" class=\"eicon-play\"><\/i>\t\t\t\t\t\t\t<span class=\"elementor-screen-only\">Play Video<\/span>\n\t\t\t\t\t\t<\/div>\n\t\t\t\t\t\t\t\t\t<\/div>\n\t\t\t\t\t<\/div>\n\t\t\t\t<\/div>\n\t\t\t\t<\/div>\n\t\t\t\t\t<\/div>\n\t\t<\/div>\n\t\t\t\t\t\t\t<\/div>\n\t\t<\/section>\n\t\t\t\t<section class=\"elementor-section elementor-top-section elementor-element elementor-element-591e7b5e elementor-section-stretched elementor-hidden-phone elementor-section-boxed elementor-section-height-default elementor-section-height-default\" data-id=\"591e7b5e\" data-element_type=\"section\" data-settings=\"{&quot;background_background&quot;:&quot;classic&quot;,&quot;stretch_section&quot;:&quot;section-stretched&quot;}\">\n\t\t\t\t\t\t<div class=\"elementor-container elementor-column-gap-default\">\n\t\t\t\t\t<div class=\"elementor-column elementor-col-100 elementor-top-column elementor-element elementor-element-230f8fa\" data-id=\"230f8fa\" data-element_type=\"column\">\n\t\t\t<div class=\"elementor-widget-wrap elementor-element-populated\">\n\t\t\t\t\t\t\t\t<div class=\"elementor-element elementor-element-5b6c6774 elementor-widget elementor-widget-spacer\" data-id=\"5b6c6774\" data-element_type=\"widget\" data-widget_type=\"spacer.default\">\n\t\t\t\t<div class=\"elementor-widget-container\">\n\t\t\t\t\t<div class=\"elementor-spacer\">\n\t\t\t<div class=\"elementor-spacer-inner\"><\/div>\n\t\t<\/div>\n\t\t\t\t<\/div>\n\t\t\t\t<\/div>\n\t\t\t\t\t<\/div>\n\t\t<\/div>\n\t\t\t\t\t\t\t<\/div>\n\t\t<\/section>\n\t\t\t\t<section class=\"elementor-section elementor-top-section elementor-element elementor-element-50c67939 elementor-section-boxed elementor-section-height-default elementor-section-height-default\" data-id=\"50c67939\" data-element_type=\"section\">\n\t\t\t\t\t\t<div class=\"elementor-container elementor-column-gap-default\">\n\t\t\t\t\t<div class=\"elementor-column elementor-col-100 elementor-top-column elementor-element elementor-element-1bbaa28d\" data-id=\"1bbaa28d\" data-element_type=\"column\">\n\t\t\t<div class=\"elementor-widget-wrap elementor-element-populated\">\n\t\t\t\t\t\t\t\t<div class=\"elementor-element elementor-element-15472008 elementor-widget elementor-widget-heading\" data-id=\"15472008\" data-element_type=\"widget\" data-widget_type=\"heading.default\">\n\t\t\t\t<div class=\"elementor-widget-container\">\n\t\t\t<h2 class=\"elementor-heading-title elementor-size-default\">Geure istitutoa<\/h2>\t\t<\/div>\n\t\t\t\t<\/div>\n\t\t\t\t\t<\/div>\n\t\t<\/div>\n\t\t\t\t\t\t\t<\/div>\n\t\t<\/section>\n\t\t\t\t<section class=\"elementor-section elementor-top-section elementor-element elementor-element-15ce04bd elementor-section-boxed elementor-section-height-default elementor-section-height-default\" data-id=\"15ce04bd\" data-element_type=\"section\">\n\t\t\t\t\t\t<div class=\"elementor-container elementor-column-gap-wide\">\n\t\t\t\t\t<div class=\"elementor-column elementor-col-50 elementor-top-column elementor-element elementor-element-5c83336c elementor-invisible\" data-id=\"5c83336c\" data-element_type=\"column\" data-settings=\"{&quot;animation&quot;:&quot;slideInLeft&quot;,&quot;animation_mobile&quot;:&quot;none&quot;}\">\n\t\t\t<div class=\"elementor-widget-wrap elementor-element-populated\">\n\t\t\t\t\t\t\t\t<div class=\"elementor-element elementor-element-346caa1 elementor-widget elementor-widget-image\" data-id=\"346caa1\" data-element_type=\"widget\" data-widget_type=\"image.default\">\n\t\t\t\t<div class=\"elementor-widget-container\">\n\t\t\t\t\t\t\t\t\t\t\t\t\t\t\t<img fetchpriority=\"high\" decoding=\"async\" width=\"500\" height=\"382\" src=\"https:\/\/proeducarhezigarri.educacion.navarra.es\/wp-content\/uploads\/2021\/04\/Basoko_5.jpg\" class=\"attachment-large size-large wp-image-9109\" alt=\"\" srcset=\"https:\/\/proeducarhezigarri.educacion.navarra.es\/wp-content\/uploads\/2021\/04\/Basoko_5.jpg 500w, https:\/\/proeducarhezigarri.educacion.navarra.es\/wp-content\/uploads\/2021\/04\/Basoko_5-300x229.jpg 300w\" sizes=\"(max-width: 500px) 100vw, 500px\" \/>\t\t\t\t\t\t\t\t\t\t\t\t\t\t\t<\/div>\n\t\t\t\t<\/div>\n\t\t\t\t\t<\/div>\n\t\t<\/div>\n\t\t\t\t<div class=\"elementor-column elementor-col-50 elementor-top-column elementor-element elementor-element-76316333 elementor-invisible\" data-id=\"76316333\" data-element_type=\"column\" data-settings=\"{&quot;animation&quot;:&quot;slideInRight&quot;,&quot;animation_mobile&quot;:&quot;none&quot;}\">\n\t\t\t<div class=\"elementor-widget-wrap elementor-element-populated\">\n\t\t\t\t\t\t\t\t<div class=\"elementor-element elementor-element-21d275bb elementor-widget elementor-widget-image\" data-id=\"21d275bb\" data-element_type=\"widget\" data-widget_type=\"image.default\">\n\t\t\t\t<div class=\"elementor-widget-container\">\n\t\t\t\t\t\t\t\t\t\t\t\t\t\t\t<img decoding=\"async\" width=\"500\" height=\"382\" src=\"https:\/\/proeducarhezigarri.educacion.navarra.es\/wp-content\/uploads\/2021\/04\/Basoko_4.jpg\" class=\"attachment-large size-large wp-image-9107\" alt=\"\" srcset=\"https:\/\/proeducarhezigarri.educacion.navarra.es\/wp-content\/uploads\/2021\/04\/Basoko_4.jpg 500w, https:\/\/proeducarhezigarri.educacion.navarra.es\/wp-content\/uploads\/2021\/04\/Basoko_4-300x229.jpg 300w\" sizes=\"(max-width: 500px) 100vw, 500px\" \/>\t\t\t\t\t\t\t\t\t\t\t\t\t\t\t<\/div>\n\t\t\t\t<\/div>\n\t\t\t\t\t<\/div>\n\t\t<\/div>\n\t\t\t\t\t\t\t<\/div>\n\t\t<\/section>\n\t\t\t\t<section class=\"elementor-section elementor-top-section elementor-element elementor-element-42ae49c5 elementor-section-boxed elementor-section-height-default elementor-section-height-default\" data-id=\"42ae49c5\" data-element_type=\"section\">\n\t\t\t\t\t\t<div class=\"elementor-container elementor-column-gap-default\">\n\t\t\t\t\t<div class=\"elementor-column elementor-col-100 elementor-top-column elementor-element elementor-element-3011809c\" data-id=\"3011809c\" data-element_type=\"column\">\n\t\t\t<div class=\"elementor-widget-wrap elementor-element-populated\">\n\t\t\t\t\t\t\t\t<div class=\"elementor-element elementor-element-6481c106 elementor-widget elementor-widget-text-editor\" data-id=\"6481c106\" data-element_type=\"widget\" data-widget_type=\"text-editor.default\">\n\t\t\t\t<div class=\"elementor-widget-container\">\n\t\t\t\t\t\t\t<p>Ikastetxean <strong>ingelesezko murgiltze-programa <\/strong>berezituak eskaintzen ditugu, ikasleek, programaren arabera, hizkuntza horretan ematen dituzten irakasgaien kopurua handiagoa edo txikiagoa izan dadin. <strong>Euskaraz, alemanez eta frantsesez <\/strong>ere ematen dira klaseak.<\/p>\n<p>Motor ezintasuna dutenentzat ere Basoko lehentasunezko zentroa da. Hezkuntza-premia bereziak dituzten ikasleentzako UCE talde bat daukagu (Pedagogia Terapeutikoko irakasleek kudeatua), DBHko 2. eta 3. mailetan PMAR taldeak (Ikaskuntza eta Errendimendua Hobetzeko Programak), bai eta <strong>aniztasunari erantzuteko hainbat neurri <\/strong>ere, ikasleen premien arabera.<\/p>\n<p>Hala ere, Basoko BHI ez da soilik nabarmendu hizkuntzen irakaskuntza integratuaren eta arreta espezializatuaren alde egin duelako. <strong>Gure zentroa batez ere giza talde bat da.<\/strong> Egunero lan egiten dugu gure burua gainditzeko eta <strong>bizikidetza, inklusioa eta hezkuntza-kalitatea hobetzeko<\/strong>, gure ikasleen prestakuntza hobea lortzeko bide gisa. Ikastetxearen hezkuntza-proiektua eta gure misioa eta balioak funtsezko zutabe horien gainean landu ditugu, eta gure irakasleen eta irakasle ez diren langileen eguneroko lanean eta ahaleginean laguntzen dute. Gaur egun, hainbat proiektu ditugu martxan, nahi dugun kalitatezko zentroa eraikitzen jarraitzeko asmoz:<\/p>\n\t\t\t\t\t\t<\/div>\n\t\t\t\t<\/div>\n\t\t\t\t\t<\/div>\n\t\t<\/div>\n\t\t\t\t\t\t\t<\/div>\n\t\t<\/section>\n\t\t\t\t<section class=\"elementor-section elementor-top-section elementor-element elementor-element-8a8d501 elementor-section-boxed elementor-section-height-default elementor-section-height-default\" data-id=\"8a8d501\" data-element_type=\"section\">\n\t\t\t\t\t\t<div class=\"elementor-container elementor-column-gap-default\">\n\t\t\t\t\t<div class=\"elementor-column elementor-col-100 elementor-top-column elementor-element elementor-element-8951a7f\" data-id=\"8951a7f\" data-element_type=\"column\">\n\t\t\t<div class=\"elementor-widget-wrap elementor-element-populated\">\n\t\t\t\t\t\t\t\t<div class=\"elementor-element elementor-element-13cdd02 elementor-widget elementor-widget-text-editor\" data-id=\"13cdd02\" data-element_type=\"widget\" data-widget_type=\"text-editor.default\">\n\t\t\t\t<div class=\"elementor-widget-container\">\n\t\t\t\t\t\t\t<ul>\n<li dir=\"ltr\">\n<p dir=\"ltr\"><strong>&#8220;Proeducar-Hezigarri&#8221; proiektuak <\/strong>eskola-porrota murriztea eta pertsona bakoitzaren prestakuntza bere beharretara egokitzea du helburu. Proeducar, prestakuntza integrala, gaitasunen araberako ebaluazioa, metodologia berrien erabilera, irakaskuntza partekatua, ikasle ekonomiko eta sozialki behartsuei laguntzea eta abar sustatzen ari da.<\/p>\n<\/li>\n<li dir=\"ltr\">\n<p dir=\"ltr\"><strong>&#8220;Etxeak&#8221; proiektuak <\/strong>ikasle berrien bizikidetza hobetzea du helburu, eta DBHko 1. mailako taldeetako ikasleak nahasteko hezkuntza-ekitaldiak antolatzeaz arduratzen da.<\/p>\n<\/li>\n<li dir=\"ltr\">\n<p dir=\"ltr\"><strong>Beste proiektu batzuk:<\/strong> jolasaldien dinamizazioa, otordu osasungarriak, birziklatze programa, zine proiektua&#8230;<\/p>\n<\/li>\n<\/ul>\n\t\t\t\t\t\t<\/div>\n\t\t\t\t<\/div>\n\t\t\t\t\t<\/div>\n\t\t<\/div>\n\t\t\t\t\t\t\t<\/div>\n\t\t<\/section>\n\t\t\t\t<section class=\"elementor-section elementor-top-section elementor-element elementor-element-41ebbdf elementor-section-boxed elementor-section-height-default elementor-section-height-default\" data-id=\"41ebbdf\" data-element_type=\"section\">\n\t\t\t\t\t\t<div class=\"elementor-container elementor-column-gap-default\">\n\t\t\t\t\t<div class=\"elementor-column elementor-col-100 elementor-top-column elementor-element elementor-element-e0e2e20\" data-id=\"e0e2e20\" data-element_type=\"column\">\n\t\t\t<div class=\"elementor-widget-wrap elementor-element-populated\">\n\t\t\t\t\t\t\t\t<div class=\"elementor-element elementor-element-2e4a2f1 elementor-widget elementor-widget-text-editor\" data-id=\"2e4a2f1\" data-element_type=\"widget\" data-widget_type=\"text-editor.default\">\n\t\t\t\t<div class=\"elementor-widget-container\">\n\t\t\t\t\t\t\t<p>Gure institutuko bizitza akademikoa aberatsa eta askotarikoa da, eta irakasle eta ikasle asko erabat inplikatuta daude, ikastetxe hau leku hobea, atseginagoa eta zoriontsuagoa izateko ilusioz eta gogoz, dena liburuak, azterketak eta estresa izan ez daitezen.<\/p>\n\t\t\t\t\t\t<\/div>\n\t\t\t\t<\/div>\n\t\t\t\t\t<\/div>\n\t\t<\/div>\n\t\t\t\t\t\t\t<\/div>\n\t\t<\/section>\n\t\t\t\t<section class=\"elementor-section elementor-top-section elementor-element elementor-element-50d8856c elementor-section-boxed elementor-section-height-default elementor-section-height-default\" data-id=\"50d8856c\" data-element_type=\"section\">\n\t\t\t\t\t\t<div class=\"elementor-container elementor-column-gap-default\">\n\t\t\t\t\t<div class=\"elementor-column elementor-col-100 elementor-top-column elementor-element elementor-element-5e3e5d25\" data-id=\"5e3e5d25\" data-element_type=\"column\">\n\t\t\t<div class=\"elementor-widget-wrap elementor-element-populated\">\n\t\t\t\t\t\t\t\t<div class=\"elementor-element elementor-element-3b4c32d0 elementor-widget elementor-widget-text-editor\" data-id=\"3b4c32d0\" data-element_type=\"widget\" data-widget_type=\"text-editor.default\">\n\t\t\t\t<div class=\"elementor-widget-container\">\n\t\t\t\t\t\t\t<p><a href=\"http:\/\/iesbasoko.educacion.navarra.es\/web\/\" target=\"_blank\" rel=\"noopener\">\u00a0Bisitatu gure webgunea<\/a><\/p>\n\t\t\t\t\t\t<\/div>\n\t\t\t\t<\/div>\n\t\t\t\t\t<\/div>\n\t\t<\/div>\n\t\t\t\t\t\t\t<\/div>\n\t\t<\/section>\n\t\t\t\t\t\t\t<\/div>\n\t\t","protected":false},"excerpt":{"rendered":"<p>Basoko BHI Iru\u00f1a Basoko BHI bigarren hezkuntzako ikastetxea Iru\u00f1eko Iturrama auzoan dago. Azpilagainako, Jos\u00e9 Mar\u00eda Huarteko eta Iturramako lehen hezkuntzako ikastetxeetako ikasle gehienak hartzen ditu, bai eta beste auzo, udalerri eta ikastetxe batzuetako beste ikasle batzuk ere, propioz Basoko BHI aukeratu dutenak ikasketak jarraitzeko. Geure istitutoa Ikastetxean ingelesezko murgiltze-programa berezituak eskaintzen ditugu, ikasleek, programaren arabera, [&hellip;]<\/p>\n","protected":false},"author":1,"featured_media":0,"parent":0,"menu_order":0,"comment_status":"closed","ping_status":"closed","template":"","meta":{"_genesis_hide_title":false,"_genesis_hide_breadcrumbs":false,"_genesis_hide_singular_image":false,"_genesis_hide_footer_widgets":false,"_genesis_custom_body_class":"","_genesis_custom_post_class":"","_genesis_layout":"","footnotes":""},"featured_image_src":null,"featured_image_src_square":null,"_links":{"self":[{"href":"https:\/\/proeducarhezigarri.educacion.navarra.es\/eu\/wp-json\/wp\/v2\/pages\/6711"}],"collection":[{"href":"https:\/\/proeducarhezigarri.educacion.navarra.es\/eu\/wp-json\/wp\/v2\/pages"}],"about":[{"href":"https:\/\/proeducarhezigarri.educacion.navarra.es\/eu\/wp-json\/wp\/v2\/types\/page"}],"author":[{"embeddable":true,"href":"https:\/\/proeducarhezigarri.educacion.navarra.es\/eu\/wp-json\/wp\/v2\/users\/1"}],"replies":[{"embeddable":true,"href":"https:\/\/proeducarhezigarri.educacion.navarra.es\/eu\/wp-json\/wp\/v2\/comments?post=6711"}],"version-history":[{"count":7,"href":"https:\/\/proeducarhezigarri.educacion.navarra.es\/eu\/wp-json\/wp\/v2\/pages\/6711\/revisions"}],"predecessor-version":[{"id":9556,"href":"https:\/\/proeducarhezigarri.educacion.navarra.es\/eu\/wp-json\/wp\/v2\/pages\/6711\/revisions\/9556"}],"wp:attachment":[{"href":"https:\/\/proeducarhezigarri.educacion.navarra.es\/eu\/wp-json\/wp\/v2\/media?parent=6711"}],"curies":[{"name":"wp","href":"https:\/\/api.w.org\/{rel}","templated":true}]}}