{"id":5851,"date":"2020-05-14T19:56:06","date_gmt":"2020-05-14T17:56:06","guid":{"rendered":"https:\/\/proeducarhezigarri.educacion.navarra.es\/beste-gai-batzuk-bideoak\/"},"modified":"2020-05-14T19:56:06","modified_gmt":"2020-05-14T17:56:06","slug":"beste-gai-batzuk-bideoak","status":"publish","type":"page","link":"https:\/\/proeducarhezigarri.educacion.navarra.es\/eu\/beste-gai-batzuk-bideoak\/","title":{"rendered":"Beste gai batzuk Bideoak"},"content":{"rendered":"<h2>Beste gai batzuk Bideoak<\/h2>\n<p>\t\t<iframe title=\"PROEDUCAR-HEZIGARRI_INTERNACIONALIZACI\u00d3N_ERASMUS_1\u00aa_PARTE DE 5\" width=\"500\" height=\"281\" src=\"https:\/\/www.youtube.com\/embed\/AnTLPezomVM?feature=oembed\" frameborder=\"0\" allow=\"accelerometer; autoplay; encrypted-media; gyroscope; picture-in-picture\" allowfullscreen><\/iframe>\t\t<\/p>\n<h4>Nazioarteko Proiektuei buruzko Hezkuntza Topaketa<\/h4>\n<p>\t\thttps:\/\/youtu.be\/VEM4AihPGYU\t\t<\/p>\n<h4>Solasaldi Dialogikoei buruzko Hezkuntza Topaketa Miguel Lozarekin<\/h4>\n<p>\t\t<iframe title=\"PROEDUCAR-HEZIGARRI.    EL HORIZONTE DEL CAMBIO EDUCATIVO  ESCOLA NOVA 21   E VALLORY\" width=\"500\" height=\"281\" src=\"https:\/\/www.youtube.com\/embed\/hMDWVxLlBog?feature=oembed\" frameborder=\"0\" allow=\"accelerometer; autoplay; encrypted-media; gyroscope; picture-in-picture\" allowfullscreen><\/iframe>\t\t<\/p>\n<h4>Escola Nova Hezkuntza Topaketa <br \/>Eduard Valloryrekin<\/h4>\n<p>\t\t<iframe title=\"AmaraBerri + Do\u00f1a \u00c1lvara \u00c1lvarez.  Transformaciones globales inclusivas en centros educativos.\" width=\"500\" height=\"281\" src=\"https:\/\/www.youtube.com\/embed\/zOaUA903VTo?feature=oembed\" frameborder=\"0\" allow=\"accelerometer; autoplay; encrypted-media; gyroscope; picture-in-picture\" allowfullscreen><\/iframe>\t\t<\/p>\n<h4>Amara Berri eta Do\u00f1a Alvara \u00c1lvarez <br \/>Hezkuntza Topaketa<\/h4>\n<p>Bideo guztiak ikusteko, <a href=\"https:\/\/www.youtube.com\/channel\/UCNo9zkbdQNadUVGD1Dtl1GQ\"><strong>bisitatu gure Youtubeko kanala.<\/strong><\/a><\/p>\n","protected":false},"excerpt":{"rendered":"<p>Beste gai batzuk Bideoak Nazioarteko Proiektuei buruzko Hezkuntza Topaketa https:\/\/youtu.be\/VEM4AihPGYU Solasaldi Dialogikoei buruzko Hezkuntza Topaketa Miguel Lozarekin Escola Nova Hezkuntza Topaketa Eduard Valloryrekin Amara Berri eta Do\u00f1a Alvara \u00c1lvarez Hezkuntza Topaketa Bideo guztiak ikusteko, bisitatu gure Youtubeko kanala.<\/p>\n","protected":false},"author":1,"featured_media":0,"parent":0,"menu_order":0,"comment_status":"closed","ping_status":"closed","template":"","meta":{"_genesis_hide_title":false,"_genesis_hide_breadcrumbs":false,"_genesis_hide_singular_image":false,"_genesis_hide_footer_widgets":false,"_genesis_custom_body_class":"","_genesis_custom_post_class":"","_genesis_layout":"","footnotes":""},"featured_image_src":null,"featured_image_src_square":null,"_links":{"self":[{"href":"https:\/\/proeducarhezigarri.educacion.navarra.es\/eu\/wp-json\/wp\/v2\/pages\/5851"}],"collection":[{"href":"https:\/\/proeducarhezigarri.educacion.navarra.es\/eu\/wp-json\/wp\/v2\/pages"}],"about":[{"href":"https:\/\/proeducarhezigarri.educacion.navarra.es\/eu\/wp-json\/wp\/v2\/types\/page"}],"author":[{"embeddable":true,"href":"https:\/\/proeducarhezigarri.educacion.navarra.es\/eu\/wp-json\/wp\/v2\/users\/1"}],"replies":[{"embeddable":true,"href":"https:\/\/proeducarhezigarri.educacion.navarra.es\/eu\/wp-json\/wp\/v2\/comments?post=5851"}],"version-history":[{"count":1,"href":"https:\/\/proeducarhezigarri.educacion.navarra.es\/eu\/wp-json\/wp\/v2\/pages\/5851\/revisions"}],"predecessor-version":[{"id":5852,"href":"https:\/\/proeducarhezigarri.educacion.navarra.es\/eu\/wp-json\/wp\/v2\/pages\/5851\/revisions\/5852"}],"wp:attachment":[{"href":"https:\/\/proeducarhezigarri.educacion.navarra.es\/eu\/wp-json\/wp\/v2\/media?parent=5851"}],"curies":[{"name":"wp","href":"https:\/\/api.w.org\/{rel}","templated":true}]}}