{"id":5849,"date":"2020-05-14T19:50:49","date_gmt":"2020-05-14T17:50:49","guid":{"rendered":"https:\/\/proeducarhezigarri.educacion.navarra.es\/videos-evaluacion-formativa\/"},"modified":"2020-05-14T19:59:20","modified_gmt":"2020-05-14T17:59:20","slug":"videos-evaluacion-formativa","status":"publish","type":"page","link":"https:\/\/proeducarhezigarri.educacion.navarra.es\/eu\/videos-evaluacion-formativa\/","title":{"rendered":"Ebaluazio formatiboa Bideoak"},"content":{"rendered":"<h2>Ebaluazio formatiboa Bideoak<\/h2>\n<p>\t\t<iframe title=\"PROEDUCAR-HEZIGARRI  S1  COMPETENCIAS-EVALUACI\u00d3N FORMATIVA- TRABAJO COOPERATIVO   DAVID_HORTIG\u00dcELA\" width=\"500\" height=\"281\" src=\"https:\/\/www.youtube.com\/embed\/SZPlUddKleI?feature=oembed\" frameborder=\"0\" allow=\"accelerometer; autoplay; encrypted-media; gyroscope; picture-in-picture\" allowfullscreen><\/iframe>\t\t<\/p>\n<h4>Hezkuntza Topaketa <br \/>David Hortig\u00fcelarekin S-I<\/h4>\n<p>\t\t<iframe title=\"PROEDUCAR-HEZIGARRI  S2 COMPETENCIAS-EVALUACI\u00d3N FORMATIVA- TRABAJO COOPERATIVO   DAVID_HORTIG\u00dcELA\" width=\"500\" height=\"281\" src=\"https:\/\/www.youtube.com\/embed\/G1nyY0X9BBs?feature=oembed\" frameborder=\"0\" allow=\"accelerometer; autoplay; encrypted-media; gyroscope; picture-in-picture\" allowfullscreen><\/iframe>\t\t<\/p>\n<h4>Hezkuntza Topaketa <br \/>David Hortig\u00fcelarekin S-II<\/h4>\n<p>\t\t<iframe title=\"PROEDUCAR-HEZIGARRI  EVALUACI\u00d3N FORMATIVA EDUCACI\u00d3N_MART\u00cdN PINOS\" width=\"500\" height=\"281\" src=\"https:\/\/www.youtube.com\/embed\/2dCm2OgeVC4?feature=oembed\" frameborder=\"0\" allow=\"accelerometer; autoplay; encrypted-media; gyroscope; picture-in-picture\" allowfullscreen><\/iframe>\t\t<\/p>\n<h4>Hezkuntza Topaketa <br \/>Mart\u00edn Pinosekin<\/h4>\n<p>\t\t<iframe title=\"PROEDUCAR-HEZIGARRI  Lizasoain 19 02 19\" width=\"500\" height=\"281\" src=\"https:\/\/www.youtube.com\/embed\/fB1_3NV4LRY?feature=oembed\" frameborder=\"0\" allow=\"accelerometer; autoplay; encrypted-media; gyroscope; picture-in-picture\" allowfullscreen><\/iframe>\t\t<\/p>\n<h4>Hezkuntza Topaketa <br \/>Luis Lizasoainekin<\/h4>\n<p>Bideo guztiak ikusteko, <a href=\"https:\/\/www.youtube.com\/channel\/UCNo9zkbdQNadUVGD1Dtl1GQ\"><strong>bisitatu gure Youtubeko kanala.<\/strong><\/a><\/p>\n","protected":false},"excerpt":{"rendered":"<p>Ebaluazio formatiboa Bideoak Hezkuntza Topaketa David Hortig\u00fcelarekin S-I Hezkuntza Topaketa David Hortig\u00fcelarekin S-II Hezkuntza Topaketa Mart\u00edn Pinosekin Hezkuntza Topaketa Luis Lizasoainekin Bideo guztiak ikusteko, bisitatu gure Youtubeko kanala.<\/p>\n","protected":false},"author":1,"featured_media":0,"parent":0,"menu_order":0,"comment_status":"closed","ping_status":"closed","template":"elementor_header_footer","meta":{"_genesis_hide_title":false,"_genesis_hide_breadcrumbs":false,"_genesis_hide_singular_image":false,"_genesis_hide_footer_widgets":false,"_genesis_custom_body_class":"","_genesis_custom_post_class":"","_genesis_layout":"","footnotes":""},"featured_image_src":null,"featured_image_src_square":null,"_links":{"self":[{"href":"https:\/\/proeducarhezigarri.educacion.navarra.es\/eu\/wp-json\/wp\/v2\/pages\/5849"}],"collection":[{"href":"https:\/\/proeducarhezigarri.educacion.navarra.es\/eu\/wp-json\/wp\/v2\/pages"}],"about":[{"href":"https:\/\/proeducarhezigarri.educacion.navarra.es\/eu\/wp-json\/wp\/v2\/types\/page"}],"author":[{"embeddable":true,"href":"https:\/\/proeducarhezigarri.educacion.navarra.es\/eu\/wp-json\/wp\/v2\/users\/1"}],"replies":[{"embeddable":true,"href":"https:\/\/proeducarhezigarri.educacion.navarra.es\/eu\/wp-json\/wp\/v2\/comments?post=5849"}],"version-history":[{"count":3,"href":"https:\/\/proeducarhezigarri.educacion.navarra.es\/eu\/wp-json\/wp\/v2\/pages\/5849\/revisions"}],"predecessor-version":[{"id":5855,"href":"https:\/\/proeducarhezigarri.educacion.navarra.es\/eu\/wp-json\/wp\/v2\/pages\/5849\/revisions\/5855"}],"wp:attachment":[{"href":"https:\/\/proeducarhezigarri.educacion.navarra.es\/eu\/wp-json\/wp\/v2\/media?parent=5849"}],"curies":[{"name":"wp","href":"https:\/\/api.w.org\/{rel}","templated":true}]}}